{"id":5,"date":"2023-05-07T22:01:49","date_gmt":"2023-05-07T22:01:49","guid":{"rendered":"https:\/\/www.ajurwedanajurze.pl\/?page_id=5"},"modified":"2025-02-16T16:31:30","modified_gmt":"2025-02-16T16:31:30","slug":"o-mnie","status":"publish","type":"page","link":"https:\/\/www.ajurwedanajurze.pl\/","title":{"rendered":"O MNIE"},"content":{"rendered":"\n<h2 class=\"wp-block-heading\">O MNIE<\/h2>\n\n\n\n<p>Na imi\u0119 mam Jadwiga . Joga i ajurweda  pasjonuje mnie od dawna. Mam  je pod sk\u00f3r\u0105 od lat, a podr\u00f3\u017c do Indii tylko umocni\u0142a mnie w przekonaniu, \u017ce ten wyb\u00f3r jest w\u0142a\u015bciwy. Pod\u0105\u017cam wi\u0119c za swoim wewn\u0119trznym g\u0142osem ucz\u0105c si\u0119, doszkalaj\u0105c i pracuj\u0105c ze sob\u0105.                         Jestem holistycznym terapeut\u0105 dla cia\u0142a i umys\u0142u.                                                                                                       Przekazuj\u0119 filozofi\u0119 jogi w grupie i indywidualnie, ucz\u0119 medytacji.                                                                       Specjalizuj\u0119 si\u0119 w leczniczych masa\u017cach ajurwedyjskich i wspomagam nimi r\u00f3\u017cne terapie.   Teraz i Ty mo\u017cesz do mnie do\u0142\u0105czy\u0107. Zapraszam serdecznie.                                 <\/p>\n\n\n\n<p><em>\u201eMoja religia jest prosta. Nie wymaga kamiennych \u015bwi\u0105ty\u0144, nie wymaga filozoficznych docieka\u0144. \u015awi\u0105tyni\u0105 jest nasz umys\u0142 i nasze serce; filozofi\u0105 \u2013 dobro\u0107.\u201d<br>Dalajlama<\/em><\/p>\n\n\n\n<figure class=\"wp-block-gallery has-nested-images columns-default is-cropped wp-block-gallery-1 is-layout-flex wp-block-gallery-is-layout-flex\">\n<figure class=\"wp-block-image size-large\"><img loading=\"lazy\" decoding=\"async\" width=\"724\" height=\"1024\" data-id=\"129\" src=\"https:\/\/www.ajurwedanajurze.pl\/wp-content\/uploads\/2023\/05\/2-724x1024.jpg\" alt=\"\" class=\"wp-image-129\" srcset=\"https:\/\/www.ajurwedanajurze.pl\/wp-content\/uploads\/2023\/05\/2-724x1024.jpg 724w, https:\/\/www.ajurwedanajurze.pl\/wp-content\/uploads\/2023\/05\/2-212x300.jpg 212w, https:\/\/www.ajurwedanajurze.pl\/wp-content\/uploads\/2023\/05\/2-768x1087.jpg 768w, https:\/\/www.ajurwedanajurze.pl\/wp-content\/uploads\/2023\/05\/2-1085x1536.jpg 1085w, https:\/\/www.ajurwedanajurze.pl\/wp-content\/uploads\/2023\/05\/2-1447x2048.jpg 1447w, https:\/\/www.ajurwedanajurze.pl\/wp-content\/uploads\/2023\/05\/2-scaled.jpg 1809w\" sizes=\"auto, (max-width: 724px) 100vw, 724px\" \/><\/figure>\n\n\n\n<figure class=\"wp-block-image size-large\"><img loading=\"lazy\" decoding=\"async\" width=\"724\" height=\"1024\" data-id=\"132\" src=\"https:\/\/www.ajurwedanajurze.pl\/wp-content\/uploads\/2023\/05\/4-724x1024.jpg\" alt=\"\" class=\"wp-image-132\" srcset=\"https:\/\/www.ajurwedanajurze.pl\/wp-content\/uploads\/2023\/05\/4-724x1024.jpg 724w, https:\/\/www.ajurwedanajurze.pl\/wp-content\/uploads\/2023\/05\/4-212x300.jpg 212w, https:\/\/www.ajurwedanajurze.pl\/wp-content\/uploads\/2023\/05\/4-768x1087.jpg 768w, https:\/\/www.ajurwedanajurze.pl\/wp-content\/uploads\/2023\/05\/4-1085x1536.jpg 1085w, https:\/\/www.ajurwedanajurze.pl\/wp-content\/uploads\/2023\/05\/4-1447x2048.jpg 1447w, https:\/\/www.ajurwedanajurze.pl\/wp-content\/uploads\/2023\/05\/4-scaled.jpg 1809w\" sizes=\"auto, (max-width: 724px) 100vw, 724px\" \/><\/figure>\n<\/figure>\n\n\n\n<figure class=\"wp-block-gallery has-nested-images columns-default is-cropped wp-block-gallery-2 is-layout-flex wp-block-gallery-is-layout-flex\"><\/figure>\n","protected":false},"excerpt":{"rendered":"<p>O MNIE Na imi\u0119 mam Jadwiga . Joga i ajurweda pasjonuje mnie od dawna. Mam je pod sk\u00f3r\u0105 od lat, a podr\u00f3\u017c do Indii tylko umocni\u0142a mnie w przekonaniu, \u017ce ten wyb\u00f3r jest w\u0142a\u015bciwy. Pod\u0105\u017cam wi\u0119c za swoim wewn\u0119trznym g\u0142osem ucz\u0105c si\u0119, doszkalaj\u0105c i pracuj\u0105c ze sob\u0105. Jestem holistycznym terapeut\u0105 dla cia\u0142a i umys\u0142u. Przekazuj\u0119 &hellip; <\/p>\n<p class=\"link-more\"><a href=\"https:\/\/www.ajurwedanajurze.pl\/\" class=\"more-link\">Czytaj dalej<span class=\"screen-reader-text\"> \u201eO MNIE\u201d<\/span><\/a><\/p>\n","protected":false},"author":1,"featured_media":0,"parent":0,"menu_order":0,"comment_status":"closed","ping_status":"closed","template":"","meta":{"footnotes":""},"class_list":["post-5","page","type-page","status-publish","hentry"],"_links":{"self":[{"href":"https:\/\/www.ajurwedanajurze.pl\/index.php?rest_route=\/wp\/v2\/pages\/5","targetHints":{"allow":["GET"]}}],"collection":[{"href":"https:\/\/www.ajurwedanajurze.pl\/index.php?rest_route=\/wp\/v2\/pages"}],"about":[{"href":"https:\/\/www.ajurwedanajurze.pl\/index.php?rest_route=\/wp\/v2\/types\/page"}],"author":[{"embeddable":true,"href":"https:\/\/www.ajurwedanajurze.pl\/index.php?rest_route=\/wp\/v2\/users\/1"}],"replies":[{"embeddable":true,"href":"https:\/\/www.ajurwedanajurze.pl\/index.php?rest_route=%2Fwp%2Fv2%2Fcomments&post=5"}],"version-history":[{"count":16,"href":"https:\/\/www.ajurwedanajurze.pl\/index.php?rest_route=\/wp\/v2\/pages\/5\/revisions"}],"predecessor-version":[{"id":375,"href":"https:\/\/www.ajurwedanajurze.pl\/index.php?rest_route=\/wp\/v2\/pages\/5\/revisions\/375"}],"wp:attachment":[{"href":"https:\/\/www.ajurwedanajurze.pl\/index.php?rest_route=%2Fwp%2Fv2%2Fmedia&parent=5"}],"curies":[{"name":"wp","href":"https:\/\/api.w.org\/{rel}","templated":true}]}}