{"id":27,"date":"2023-05-07T22:05:46","date_gmt":"2023-05-07T22:05:46","guid":{"rendered":"https:\/\/www.ajurwedanajurze.pl\/?page_id=27"},"modified":"2023-05-07T22:06:13","modified_gmt":"2023-05-07T22:06:13","slug":"voucher","status":"publish","type":"page","link":"https:\/\/www.ajurwedanajurze.pl\/?page_id=27","title":{"rendered":"VOUCHER"},"content":{"rendered":"\n<p><\/p>\n\n\n\n<p><\/p>\n\n\n\n<figure class=\"wp-block-image size-full\"><img loading=\"lazy\" decoding=\"async\" width=\"991\" height=\"924\" src=\"https:\/\/www.ajurwedanajurze.pl\/wp-content\/uploads\/2023\/05\/voucher.png\" alt=\"\" class=\"wp-image-32\" srcset=\"https:\/\/www.ajurwedanajurze.pl\/wp-content\/uploads\/2023\/05\/voucher.png 991w, https:\/\/www.ajurwedanajurze.pl\/wp-content\/uploads\/2023\/05\/voucher-300x280.png 300w, https:\/\/www.ajurwedanajurze.pl\/wp-content\/uploads\/2023\/05\/voucher-768x716.png 768w\" sizes=\"auto, (max-width: 706px) 89vw, (max-width: 767px) 82vw, 740px\" \/><\/figure>\n\n\n\n<p>Wszyscy wiemy, \u017ce w dzisiejszych czasach bardzo potrzebujemy ukojenia, spokoju, zdrowia i dobrego samopoczucia.<\/p>\n\n\n\n<p>Mo\u017cesz wybra\u0107 dowolny masa\u017c z mojej oferty, wykupi\u0107 voucher prezentowy i podarowa\u0107 bliskim.<br>Ja sprawi\u0119, \u017ce b\u0119dzie to czas, w kt\u00f3rym obdarowana osoba poczuje si\u0119 dobrze i odczuje popraw\u0119 funkcjonowania cia\u0142a i umys\u0142u, bo w tym zabieganym \u017cyciu codziennym nie zawsze pami\u0119tamy o sobie.<\/p>\n\n\n\n<p>Zadzwo\u0144, a opowiem o ofercie oraz doradz\u0119 Ci najodpowiedniejszy masa\u017c dla Twojego przyjaciela.<br>Jadwiga Najgebauer-Prysak tel. +48 793 055 450 <\/p>\n\n\n\n<p>yaddiyoga@gmail.com<\/p>\n","protected":false},"excerpt":{"rendered":"<p>Wszyscy wiemy, \u017ce w dzisiejszych czasach bardzo potrzebujemy ukojenia, spokoju, zdrowia i dobrego samopoczucia. Mo\u017cesz wybra\u0107 dowolny masa\u017c z mojej oferty, wykupi\u0107 voucher prezentowy i podarowa\u0107 bliskim.Ja sprawi\u0119, \u017ce b\u0119dzie to czas, w kt\u00f3rym obdarowana osoba poczuje si\u0119 dobrze i odczuje popraw\u0119 funkcjonowania cia\u0142a i umys\u0142u, bo w tym zabieganym \u017cyciu codziennym nie zawsze pami\u0119tamy &hellip; <\/p>\n<p class=\"link-more\"><a href=\"https:\/\/www.ajurwedanajurze.pl\/?page_id=27\" class=\"more-link\">Czytaj dalej<span class=\"screen-reader-text\"> \u201eVOUCHER\u201d<\/span><\/a><\/p>\n","protected":false},"author":1,"featured_media":0,"parent":0,"menu_order":0,"comment_status":"closed","ping_status":"closed","template":"","meta":{"footnotes":""},"class_list":["post-27","page","type-page","status-publish","hentry"],"_links":{"self":[{"href":"https:\/\/www.ajurwedanajurze.pl\/index.php?rest_route=\/wp\/v2\/pages\/27","targetHints":{"allow":["GET"]}}],"collection":[{"href":"https:\/\/www.ajurwedanajurze.pl\/index.php?rest_route=\/wp\/v2\/pages"}],"about":[{"href":"https:\/\/www.ajurwedanajurze.pl\/index.php?rest_route=\/wp\/v2\/types\/page"}],"author":[{"embeddable":true,"href":"https:\/\/www.ajurwedanajurze.pl\/index.php?rest_route=\/wp\/v2\/users\/1"}],"replies":[{"embeddable":true,"href":"https:\/\/www.ajurwedanajurze.pl\/index.php?rest_route=%2Fwp%2Fv2%2Fcomments&post=27"}],"version-history":[{"count":4,"href":"https:\/\/www.ajurwedanajurze.pl\/index.php?rest_route=\/wp\/v2\/pages\/27\/revisions"}],"predecessor-version":[{"id":62,"href":"https:\/\/www.ajurwedanajurze.pl\/index.php?rest_route=\/wp\/v2\/pages\/27\/revisions\/62"}],"wp:attachment":[{"href":"https:\/\/www.ajurwedanajurze.pl\/index.php?rest_route=%2Fwp%2Fv2%2Fmedia&parent=27"}],"curies":[{"name":"wp","href":"https:\/\/api.w.org\/{rel}","templated":true}]}}