{"id":24,"date":"2023-05-07T21:53:31","date_gmt":"2023-05-07T21:53:31","guid":{"rendered":"https:\/\/www.ajurwedanajurze.pl\/?page_id=24"},"modified":"2025-02-16T16:27:36","modified_gmt":"2025-02-16T16:27:36","slug":"kontakt","status":"publish","type":"page","link":"https:\/\/www.ajurwedanajurze.pl\/?page_id=24","title":{"rendered":"KONTAKT"},"content":{"rendered":"\n<p><em>Zapraszam!<\/em><em><br><\/em>Jadwiga Najgebauer-Prysak<br>\u2013 holistyczny terapeuta dla cia\u0142a i umys\u0142u<br>\u2013 certyfikowany masa\u017cysta ajurwedyjski<\/p>\n\n\n\n<p>ul. Choro\u0144ska 42, 42-256 Biskupice, <\/p>\n\n\n\n<p>ul.Partyzant\u00f3w 62a. 42-360 Choro\u0144<\/p>\n\n\n\n<p><br>tel. +48 793 055 450<br>yaddiyoga@gmail.com<br>www.ajurwedanajurze.pl<\/p>\n\n\n\n<figure class=\"wp-block-image size-large\"><img loading=\"lazy\" decoding=\"async\" width=\"683\" height=\"1024\" src=\"https:\/\/www.ajurwedanajurze.pl\/wp-content\/uploads\/2023\/05\/AJ-44-683x1024.jpg\" alt=\"\" class=\"wp-image-39\" srcset=\"https:\/\/www.ajurwedanajurze.pl\/wp-content\/uploads\/2023\/05\/AJ-44-683x1024.jpg 683w, https:\/\/www.ajurwedanajurze.pl\/wp-content\/uploads\/2023\/05\/AJ-44-200x300.jpg 200w, https:\/\/www.ajurwedanajurze.pl\/wp-content\/uploads\/2023\/05\/AJ-44-768x1152.jpg 768w, https:\/\/www.ajurwedanajurze.pl\/wp-content\/uploads\/2023\/05\/AJ-44-1024x1536.jpg 1024w, https:\/\/www.ajurwedanajurze.pl\/wp-content\/uploads\/2023\/05\/AJ-44-1365x2048.jpg 1365w, https:\/\/www.ajurwedanajurze.pl\/wp-content\/uploads\/2023\/05\/AJ-44-scaled.jpg 1707w\" sizes=\"auto, (max-width: 683px) 100vw, 683px\" \/><\/figure>\n","protected":false},"excerpt":{"rendered":"<p>Zapraszam!Jadwiga Najgebauer-Prysak\u2013 holistyczny terapeuta dla cia\u0142a i umys\u0142u\u2013 certyfikowany masa\u017cysta ajurwedyjski ul. Choro\u0144ska 42, 42-256 Biskupice, ul.Partyzant\u00f3w 62a. 42-360 Choro\u0144 tel. +48 793 055 450yaddiyoga@gmail.comwww.ajurwedanajurze.pl<\/p>\n","protected":false},"author":1,"featured_media":0,"parent":0,"menu_order":0,"comment_status":"closed","ping_status":"closed","template":"","meta":{"footnotes":""},"class_list":["post-24","page","type-page","status-publish","hentry"],"_links":{"self":[{"href":"https:\/\/www.ajurwedanajurze.pl\/index.php?rest_route=\/wp\/v2\/pages\/24","targetHints":{"allow":["GET"]}}],"collection":[{"href":"https:\/\/www.ajurwedanajurze.pl\/index.php?rest_route=\/wp\/v2\/pages"}],"about":[{"href":"https:\/\/www.ajurwedanajurze.pl\/index.php?rest_route=\/wp\/v2\/types\/page"}],"author":[{"embeddable":true,"href":"https:\/\/www.ajurwedanajurze.pl\/index.php?rest_route=\/wp\/v2\/users\/1"}],"replies":[{"embeddable":true,"href":"https:\/\/www.ajurwedanajurze.pl\/index.php?rest_route=%2Fwp%2Fv2%2Fcomments&post=24"}],"version-history":[{"count":5,"href":"https:\/\/www.ajurwedanajurze.pl\/index.php?rest_route=\/wp\/v2\/pages\/24\/revisions"}],"predecessor-version":[{"id":374,"href":"https:\/\/www.ajurwedanajurze.pl\/index.php?rest_route=\/wp\/v2\/pages\/24\/revisions\/374"}],"wp:attachment":[{"href":"https:\/\/www.ajurwedanajurze.pl\/index.php?rest_route=%2Fwp%2Fv2%2Fmedia&parent=24"}],"curies":[{"name":"wp","href":"https:\/\/api.w.org\/{rel}","templated":true}]}}