{"id":110,"date":"2023-05-11T11:16:49","date_gmt":"2023-05-11T11:16:49","guid":{"rendered":"https:\/\/www.ajurwedanajurze.pl\/?page_id=110"},"modified":"2023-08-05T11:13:42","modified_gmt":"2023-08-05T11:13:42","slug":"zabiegi-lecznicze","status":"publish","type":"page","link":"https:\/\/www.ajurwedanajurze.pl\/?page_id=110","title":{"rendered":"ZABIEGI LECZNICZE"},"content":{"rendered":"\n<div class=\"wp-block-group\"><div class=\"wp-block-group__inner-container is-layout-constrained wp-block-group-is-layout-constrained\">\n<div class=\"wp-block-group is-content-justification-center is-nowrap is-layout-flex wp-container-core-group-is-layout-94bc23d7 wp-block-group-is-layout-flex\">\n<div class=\"wp-block-group is-nowrap is-layout-flex wp-container-core-group-is-layout-ad2f72ca wp-block-group-is-layout-flex\">\n<figure class=\"wp-block-image size-large is-resized\"><img loading=\"lazy\" decoding=\"async\" src=\"https:\/\/www.ajurwedanajurze.pl\/wp-content\/uploads\/2023\/06\/DSC_0158-1024x683.jpg\" alt=\"\" class=\"wp-image-182\" width=\"335\" height=\"223\" srcset=\"https:\/\/www.ajurwedanajurze.pl\/wp-content\/uploads\/2023\/06\/DSC_0158-1024x683.jpg 1024w, https:\/\/www.ajurwedanajurze.pl\/wp-content\/uploads\/2023\/06\/DSC_0158-300x200.jpg 300w, https:\/\/www.ajurwedanajurze.pl\/wp-content\/uploads\/2023\/06\/DSC_0158-768x512.jpg 768w, https:\/\/www.ajurwedanajurze.pl\/wp-content\/uploads\/2023\/06\/DSC_0158-1536x1024.jpg 1536w, https:\/\/www.ajurwedanajurze.pl\/wp-content\/uploads\/2023\/06\/DSC_0158-2048x1365.jpg 2048w\" sizes=\"auto, (max-width: 335px) 100vw, 335px\" \/><\/figure>\n\n\n\n<figure class=\"wp-block-image size-large is-resized\"><img loading=\"lazy\" decoding=\"async\" src=\"https:\/\/www.ajurwedanajurze.pl\/wp-content\/uploads\/2023\/06\/DSC_0233-1024x683.jpg\" alt=\"\" class=\"wp-image-185\" width=\"337\" height=\"224\" srcset=\"https:\/\/www.ajurwedanajurze.pl\/wp-content\/uploads\/2023\/06\/DSC_0233-1024x683.jpg 1024w, https:\/\/www.ajurwedanajurze.pl\/wp-content\/uploads\/2023\/06\/DSC_0233-300x200.jpg 300w, https:\/\/www.ajurwedanajurze.pl\/wp-content\/uploads\/2023\/06\/DSC_0233-768x512.jpg 768w, https:\/\/www.ajurwedanajurze.pl\/wp-content\/uploads\/2023\/06\/DSC_0233-1536x1024.jpg 1536w, https:\/\/www.ajurwedanajurze.pl\/wp-content\/uploads\/2023\/06\/DSC_0233-2048x1365.jpg 2048w\" sizes=\"auto, (max-width: 337px) 100vw, 337px\" \/><\/figure>\n<\/div>\n<\/div>\n<\/div><\/div>\n\n\n\n<p>MASA\u017bE AJURWEDYJSKIE i TANTRYCZNE<\/p>\n\n\n\n<p id=\"docs-internal-guid-85a56454-7fff-8c7f-f116-65e81572c454\"><span style=\"font-size: 12pt; font-family: Arial; color: #333333; background-color: transparent; font-weight: 400; font-style: normal; font-variant: normal; text-decoration: none; vertical-align: baseline; white-space: pre-wrap;\">Ajurweda jest wiedz\u0105 o \u017cyciu. To starohinduski system leczenia, ale przede wszystkim zachowania zdrowia. Zdrowie zawiera wszystkie jego p\u0142aszczyzny: fizyczn\u0105, duchow\u0105 i psychiczn\u0105. Poprzez masa\u017c energia \u017cyciowa w ciele zn\u00f3w zaczyna p\u0142yn\u0105\u0107, a cia\u0142o regeneruje si\u0119 i zdrowieje.<\/span><\/p>\n\n\n\n<p><em>MASA\u017bE AJURWEDYJSKIE<\/em><br><span style=\"font-size: 12pt; font-family: Arial; color: #333333; background-color: transparent; font-weight: 400; font-style: normal; font-variant: normal; text-decoration: none; vertical-align: baseline; white-space: pre-wrap;\">Masa\u017ce ajurwedyjskie wykonuj\u0119 z u\u017cyciem ciep\u0142ych olej\u00f3w \/sezamowy, musztardowy, kokosowy, migda\u0142owy\/, kt\u00f3re wnikaj\u0105c w cia\u0142o od\u017cywiaj\u0105 je. W zale\u017cno\u015bci od masowanej cz\u0119\u015bci cia\u0142a uzyskuj\u0119 odpowiednie rezultaty. Masa\u017c jest niezb\u0119dny ka\u017cdej \u017cywej istocie, aby zachowa\u0107 zdrowie, \u015bwiadomo\u015b\u0107 i d\u0142ugowieczno\u015b\u0107. Jest unikaln\u0105 cech\u0105 natury. Pomaga wyleczy\u0107 si\u0119 z r\u00f3\u017cnych chor\u00f3b. Podobnie jak \u0107wiczenia i sport, jest bardzo wa\u017cny je\u015bli chcemy zachowa\u0107 m\u0142odo\u015b\u0107 i op\u00f3\u017ani\u0107 procesy starzenia si\u0119. Masa\u017c wzmacnia organy wewn\u0119trzne, poprawia, leczy, u\u0142atwia, reguluje wiele proces\u00f3w zachodz\u0105cych w ciele<\/span>.<br><span style=\"font-size: 12pt; font-family: Arial; color: #333333; background-color: transparent; font-weight: 400; font-style: normal; font-variant: normal; text-decoration: none; vertical-align: baseline; white-space: pre-wrap;\">Masa\u017c<strong> ABHAYANGA<\/strong> poprzez popraw\u0119 przep\u0142ywu limfy i lepsze ukrwienie cia\u0142a jest doskona\u0142y na b\u00f3le plec\u00f3w, g\u0142owy, na zwi\u0119kszenie elastyczno\u015bci mi\u0119\u015bni i staw\u00f3w, a jednocze\u015bnie wycisza i odpr\u0119\u017ca ca\u0142y organizm. Poprawia stan sk\u00f3ry, wzmacnia i podnosi odporno\u015b\u0107 organizmu oraz systemu nerwowego i pokarmowego. Wp\u0142ywa r\u00f3wnie\u017c na lepsz\u0105 przemian\u0119 materii i zmniejsza opuchlizny.<\/span><br><span style=\"font-size: 12pt; font-family: Arial; color: #333333; background-color: transparent; font-weight: 400; font-style: normal; font-variant: normal; text-decoration: none; vertical-align: baseline; white-space: pre-wrap;\">Masa\u017c <strong>POTTALI<\/strong>, to masa\u017c ca\u0142ego cia\u0142a lub poszczeg\u00f3lnych jego cz\u0119\u015bci. Bardzo skutecznie wzmacnia si\u0142\u0119 mi\u0119\u015bni, \u0142agodzi b\u00f3le oraz pomaga w leczeniu takich chor\u00f3b jak artretyzm i parali\u017c. Zalecany jest r\u00f3wnie\u017c przy b\u00f3lach plec\u00f3w, rwie kulszowej i b\u00f3lach kr\u0119gos\u0142upa. Masa\u017c wykonywany jest z u\u017cyciem zio\u0142owych stempli nas\u0105czonych ciep\u0142ym olejem, zwykle w serii zabieg\u00f3w.<\/span><\/p>\n\n\n\n<p>TANTRA             <\/p>\n\n\n\n<p>Joga, <em>Tantra<\/em> i <em>Ajurweda<\/em>, nazywane \u201ctrzema siostrami\u201d, by\u0142y w staro\u017cytnych Indiach uznawane za wzajemnie uzupe\u0142niaj\u0105ce si\u0119 \u015bcie\u017cki rozwoju \u015bwiadomo\u015bci. To klasyczna wschodnia Tr\u00f3jwiedza Duchowa, ezoteryczna i Magiczna. Je\u017celi jeste\u015b zainteresowany\/a masa\u017cem tantrycznym zapytaj o szczeg\u00f3\u0142y.<\/p>\n\n\n\n<p><\/p>\n\n\n\n<p>\u015aWIECOWANIE USZU<br>Metoda \u015bwiecowania  dotar\u0142a do&nbsp; Polski przez Indian Hopi aby skutecznie zwalcza\u0107 problemy z uszami, b\u00f3lami g\u0142owy i zatokami.<\/p>\n\n\n\n<p>Kuracja ta polega na spalaniu w\u0142o\u017conej do ucha \u015bwiecy (wykonanej z naturalnego wosku- wed\u0142ug staro\u017cytnych receptur) wzbogaconej olejkami i ekstraktami zio\u0142owymi sprzyjaj\u0105cymi regeneracji stref ze stanem zapalnym. Podczas spalania \u015bwiecy wytwarza si\u0119 podci\u015bnienie w kanale s\u0142uchowym (efekt komina) w cz\u0119\u015bci ucha \u015brodkowego i zatokach, po kt\u00f3rym nast\u0119puje wyr\u00f3wnanie ci\u015bnie\u0144 w uk\u0142adzie. Ponadto wytworzone podci\u015bnienie powoduje wyci\u0105gni\u0119cie woskowiny i innych zanieczyszcze\u0144.<\/p>\n\n\n\n<p><em>Wykorzystuje si\u0119 je przy<\/em>:<br>&#8211; infekcjach g\u00f3rnych dr\u00f3g oddechowych<br>&#8211; chronicznym zapaleniu zatok, krtani<br>&#8211; nie\u017cycie nosa, katarze siennym<br>&#8211; astmie oskrzelowej<br><em>&#8211; \u015bwiecowanie przynosi ulg\u0119 przy uporczywych migrenach i uderzeniach gor\u0105ca towarzysz\u0105cych menopauzie.<\/em><\/p>\n\n\n\n<p>\u015awiecowaniu mog\u0105 podda\u0107 si\u0119 osoby cierpi\u0105ce na niedos\u0142uch, stany zapalne ucha, szum oraz niedro\u017cno\u015b\u0107 zatok. Zabieg jest skuteczny przy b\u00f3lach g\u0142owy zwi\u0105zanych z nadci\u015bnieniem. Poniewa\u017c dzia\u0142a odpr\u0119\u017caj\u0105co, bioterapeuci polecaj\u0105 je osobom zestresowanym i cierpi\u0105cym na bezsenno\u015b\u0107.<\/p>\n\n\n\n<p>\u015aWIECOWANIE CIA\u0141A &#8211; TERAPEUTYCZNY MASA\u017b BRZUCHA I KR\u0118GOS\u0141UPA<br>Wykonuj\u0119 r\u00f3wnie\u017c \u015bwiecowanie cia\u0142a, kt\u00f3re odbywa si\u0119 poprzez umieszczenie zapalonej \u015bwiecy w p\u0119pku.<br>Zabieg na p\u0119pku pobudza funkcjonowanie jajnik\u00f3w u kobiet, wp\u0142ywa na pobudzenie hormon\u00f3w i lepsze samopoczucie. Polepsza kondycj\u0119 sk\u00f3ry, poprawia prac\u0119 jelit oraz polepsza trawienie. Dzia\u0142a r\u00f3wnie\u017c wyciszaj\u0105co i relaksuj\u0105co.<\/p>\n\n\n\n<p>PRZECIWWSKAZANIA<br>&#8211; uczulenie na mi\u00f3d\/produkty pszczele<br>&#8211; upo\u015bledzenie koordynacji ruchowej<br>&#8211; owrzodzenia\/ rany ma\u0142\u017cowiny usznej<\/p>\n\n\n\n<p>EFEKTY<br>&#8211; oczyszczone zatoki<\/p>\n\n\n\n<p>&#8211;  poprawa zmys\u0142u, w\u0119chu, smaku, s\u0142uchu, wzroku<br>&#8211; sprawne funkcjonowanie uk\u0142adu nerwowego<br>&#8211; wzmocniony uk\u0142ad emocjonalny, mentalny, energetyczny<\/p>\n\n\n\n<p>ZASADY I CZ\u0118STOTLIWO\u015a\u0106 WYKONYWANIA ZABIEG\u00d3W<\/p>\n\n\n\n<p>Optymalnie zabiegi powtarza si\u0119 co 2 dni stosuj\u0105c <strong>zasad\u0119 trzech zabieg\u00f3w w tygodniu:<\/strong> zabieg, dwa dni przerwy, zabieg, znowu dwa dni przerwy i trzeci zabieg.<\/p>\n\n\n\n<p>Robi si\u0119 tak dlatego \u017ce zabieg uzdrawiania za pomoc\u0105 \u015bwiec Indian Hopi jest zabiegiem delikatnym, ale o wyd\u0142u\u017conym dzia\u0142aniu nie ma wi\u0119c potrzeby wykonywa\u0107 go codziennie (chyba \u017ce w ostrych przypadkach). Dajemy czas aby pozosta\u0142e w uchu substancje wykona\u0142y swoj\u0105 prac\u0119. Czas ich dzia\u0142ania jest co najmniej dwudniowy i dopiero po tym czasie wskazane jest wykonywanie kolejnego zabiegu.<\/p>\n\n\n\n<p>Dlaczego minimalna seria zabieg\u00f3w wynosi trzy? Ot\u00f3\u017c zdarza si\u0119, \u017ce ju\u017c po pierwszym, wida\u0107 wyra\u017ane wyniki \u015bwiecowania, ale zdarza si\u0119, \u017ce dopiero po drugim lub trzecim nast\u0119puje wyra\u017ana poprawa. Nawet gdy dolegliwo\u015b\u0107 ust\u0105pi ju\u017c po pierwszym \u015bwiecowaniu, to nale\u017cy utrwali\u0107 to dzia\u0142anie.<\/p>\n\n\n\n<p><em>T<\/em>ak te\u017c schorzenia takie jak katar czy inne drobne sprawy usuniemy pierwsz\u0105 seri\u0105 zabieg\u00f3w, przewlekle sprawy wymagaj\u0105 7 i wi\u0119cej zabieg\u00f3w.<\/p>\n","protected":false},"excerpt":{"rendered":"<p>MASA\u017bE AJURWEDYJSKIE i TANTRYCZNE Ajurweda jest wiedz\u0105 o \u017cyciu. To starohinduski system leczenia, ale przede wszystkim zachowania zdrowia. Zdrowie zawiera wszystkie jego p\u0142aszczyzny: fizyczn\u0105, duchow\u0105 i psychiczn\u0105. Poprzez masa\u017c energia \u017cyciowa w ciele zn\u00f3w zaczyna p\u0142yn\u0105\u0107, a cia\u0142o regeneruje si\u0119 i zdrowieje. MASA\u017bE AJURWEDYJSKIEMasa\u017ce ajurwedyjskie wykonuj\u0119 z u\u017cyciem ciep\u0142ych olej\u00f3w \/sezamowy, musztardowy, kokosowy, migda\u0142owy\/, kt\u00f3re &hellip; <\/p>\n<p class=\"link-more\"><a href=\"https:\/\/www.ajurwedanajurze.pl\/?page_id=110\" class=\"more-link\">Czytaj dalej<span class=\"screen-reader-text\"> \u201eZABIEGI LECZNICZE\u201d<\/span><\/a><\/p>\n","protected":false},"author":1,"featured_media":0,"parent":0,"menu_order":0,"comment_status":"closed","ping_status":"closed","template":"","meta":{"footnotes":""},"class_list":["post-110","page","type-page","status-publish","hentry"],"_links":{"self":[{"href":"https:\/\/www.ajurwedanajurze.pl\/index.php?rest_route=\/wp\/v2\/pages\/110","targetHints":{"allow":["GET"]}}],"collection":[{"href":"https:\/\/www.ajurwedanajurze.pl\/index.php?rest_route=\/wp\/v2\/pages"}],"about":[{"href":"https:\/\/www.ajurwedanajurze.pl\/index.php?rest_route=\/wp\/v2\/types\/page"}],"author":[{"embeddable":true,"href":"https:\/\/www.ajurwedanajurze.pl\/index.php?rest_route=\/wp\/v2\/users\/1"}],"replies":[{"embeddable":true,"href":"https:\/\/www.ajurwedanajurze.pl\/index.php?rest_route=%2Fwp%2Fv2%2Fcomments&post=110"}],"version-history":[{"count":8,"href":"https:\/\/www.ajurwedanajurze.pl\/index.php?rest_route=\/wp\/v2\/pages\/110\/revisions"}],"predecessor-version":[{"id":224,"href":"https:\/\/www.ajurwedanajurze.pl\/index.php?rest_route=\/wp\/v2\/pages\/110\/revisions\/224"}],"wp:attachment":[{"href":"https:\/\/www.ajurwedanajurze.pl\/index.php?rest_route=%2Fwp%2Fv2%2Fmedia&parent=110"}],"curies":[{"name":"wp","href":"https:\/\/api.w.org\/{rel}","templated":true}]}}